{"id":17574,"date":"2025-01-09T19:53:21","date_gmt":"2025-01-09T19:53:21","guid":{"rendered":"https:\/\/cifemein-peru.com\/?post_type=product&#038;p=17574"},"modified":"2025-01-09T19:53:23","modified_gmt":"2025-01-09T19:53:23","slug":"micrometro-interior-50-200mm-141-205-mitutoyo-nuevo","status":"publish","type":"product","link":"https:\/\/cifemein-peru.com\/index.php\/producto\/micrometro-interior-50-200mm-141-205-mitutoyo-nuevo\/","title":{"rendered":"MICROMETRO INTERIOR 50-200mm 141-205 MITUTOYO NUEVO"},"content":{"rendered":"<p>Micr\u00f3metro de interior de alta precisi\u00f3n,\u00a0herramienta de calidad indispensable en la industria. Fabricado en acero inoxidable, garantiza una medici\u00f3n precisa. Con su dise\u00f1o ergon\u00f3mico y precisi\u00f3n milim\u00e9trica, el micr\u00f3metro de interior es la opci\u00f3n ideal para trabajos que requieren m\u00e1xima exactitud.<\/p>\n<ul>\n<li>Micrometro interior anal\u00f3gico de varillas intercambiables<\/li>\n<li>Medida: 50-200 mm<\/li>\n<li>Varillas intercambiables: 100mm, 150 mm, 200 mm<\/li>\n<li>Precisi\u00f3n: 0.01 mm<\/li>\n<li>Marca: Mitutoyo<\/li>\n<li>C\u00f3digo: 141-205<\/li>\n<li>Producto con garant\u00eda<\/li>\n<\/ul>\n","protected":false},"excerpt":{"rendered":"<ul>\n<li>Micrometro interior anal\u00f3gico de varillas intercambiables<\/li>\n<li>Medida: 50-200 mm<\/li>\n<li>Varillas intercambiables: 100mm, 150 mm, 200 mm<\/li>\n<li>Precisi\u00f3n: 0.01 mm<\/li>\n<li>Marca: Mitutoyo<\/li>\n<li>C\u00f3digo: 141-205<\/li>\n<li>Producto con garant\u00eda<\/li>\n<\/ul>\n","protected":false},"featured_media":17575,"comment_status":"open","ping_status":"closed","template":"","meta":[],"product_brand":[],"product_cat":[74],"product_tag":[],"class_list":{"0":"post-17574","1":"product","2":"type-product","3":"status-publish","4":"has-post-thumbnail","6":"product_cat-herramientas-de-medicion","8":"first","9":"instock","10":"shipping-taxable","11":"purchasable","12":"product-type-simple"},"jetpack_sharing_enabled":true,"_links":{"self":[{"href":"https:\/\/cifemein-peru.com\/index.php\/wp-json\/wp\/v2\/product\/17574","targetHints":{"allow":["GET"]}}],"collection":[{"href":"https:\/\/cifemein-peru.com\/index.php\/wp-json\/wp\/v2\/product"}],"about":[{"href":"https:\/\/cifemein-peru.com\/index.php\/wp-json\/wp\/v2\/types\/product"}],"replies":[{"embeddable":true,"href":"https:\/\/cifemein-peru.com\/index.php\/wp-json\/wp\/v2\/comments?post=17574"}],"version-history":[{"count":1,"href":"https:\/\/cifemein-peru.com\/index.php\/wp-json\/wp\/v2\/product\/17574\/revisions"}],"predecessor-version":[{"id":17576,"href":"https:\/\/cifemein-peru.com\/index.php\/wp-json\/wp\/v2\/product\/17574\/revisions\/17576"}],"wp:featuredmedia":[{"embeddable":true,"href":"https:\/\/cifemein-peru.com\/index.php\/wp-json\/wp\/v2\/media\/17575"}],"wp:attachment":[{"href":"https:\/\/cifemein-peru.com\/index.php\/wp-json\/wp\/v2\/media?parent=17574"}],"wp:term":[{"taxonomy":"product_brand","embeddable":true,"href":"https:\/\/cifemein-peru.com\/index.php\/wp-json\/wp\/v2\/product_brand?post=17574"},{"taxonomy":"product_cat","embeddable":true,"href":"https:\/\/cifemein-peru.com\/index.php\/wp-json\/wp\/v2\/product_cat?post=17574"},{"taxonomy":"product_tag","embeddable":true,"href":"https:\/\/cifemein-peru.com\/index.php\/wp-json\/wp\/v2\/product_tag?post=17574"}],"curies":[{"name":"wp","href":"https:\/\/api.w.org\/{rel}","templated":true}]}}